{"id":1663,"date":"2023-03-08T16:25:03","date_gmt":"2023-03-08T23:25:03","guid":{"rendered":"https:\/\/www.washk12.org\/food-service\/?page_id=1663"},"modified":"2026-01-08T12:43:12","modified_gmt":"2026-01-08T19:43:12","slug":"free-and-reduced","status":"publish","type":"page","link":"https:\/\/www.washk12.org\/food-service\/free-and-reduced\/","title":{"rendered":"Free and Reduced"},"content":{"rendered":"<p><img decoding=\"async\" src=\"\/food-service\/wp-content\/uploads\/sites\/21\/2026\/01\/Logo-sm.jpg\" alt=\"Child Nutrition Program logo\"><\/p>\n<h1>Free and Reduced-Price Meals<\/h1>\n<hr>\n<h1>\n<h4>ENGLISH<\/h4>\n<\/h1>\n<h1>\n<h2><a href=\"http:\/\/cnapp.washk12.org\">Online Meal Applications for the\u00a0 2025-2026 school year<\/a><\/h2>\n<\/h1>\n<div>\n<p>Review the instructions for free and reduced lunch by clicking on the application instructions link below. After reviewing the instructions, please fill out the online application.<\/p>\n<p>Application results will be emailed to the address provided.<\/p>\n<\/p>\n<\/div>\n<ul>\n<li>\n<p><a href=\"\/food-service\/wp-content\/uploads\/sites\/21\/2025\/07\/Application-Instructions-English.pdf\"><\/p>\n<ul>\n<li>Application Instructions<\/li>\n<\/ul>\n<p><\/a><\/p>\n<\/li>\n<li>\n<p><a href=\"\/food-service\/wp-content\/uploads\/sites\/21\/2025\/07\/FAQs_English-SY26.pdf\"><\/p>\n<ul>\n<li>Frequently Asked Questions<\/li>\n<\/ul>\n<p><\/a><\/p>\n<\/li>\n<li>\n<div>\n<ul>\n<li>Paper applications are available at the Child Nutrition office, 811 E. Brigham Road, Building B, St. George, UT 84790.\u00a0\u00a0<\/li>\n<\/ul>\n<\/div>\n<\/li>\n<li>\n<p><a href=\"http:\/\/cnapp.washk12.org\/\"><\/p>\n<ul>\n<li>ONLINE APPLICATION\u00a0<\/li>\n<\/ul>\n<p><\/a><\/p>\n<\/li>\n<\/ul>\n<h1>\n<h4>ESPA\u00d1OL<\/h4>\n<\/h1>\n<h1>\n<h2><a href=\"http:\/\/cnapp.washk12.org\">Solicitud de comidas en l\u00ednea para el a\u00f1o escolar 2025-2026<\/a><\/h2>\n<\/h1>\n<div>\n<p>Revise las instrucciones para el almuerzo gratis o a precio reducido haciendo clic en el enlace de instrucciones de la solicitud a continuaci\u00f3n. Despu\u00e9s de leer las instrucciones, complete la solicitud en l\u00ednea.<\/p>\n<p>Los resultados de la solicitud se enviar\u00e1n por correo electr\u00f3nico a la direcci\u00f3n proporcionada.<\/p>\n<\/p>\n<\/div>\n<ul>\n<li>\n<p><a href=\"\/food-service\/wp-content\/uploads\/sites\/21\/2025\/07\/Application-Instructions-Spanish.pdf\"><\/p>\n<ul>\n<li>Instrucciones de solicitud<\/li>\n<\/ul>\n<p><\/a><\/p>\n<\/li>\n<li>\n<p><a href=\"\/food-service\/wp-content\/uploads\/sites\/21\/2025\/07\/Letter-to-Parents-FAQs_Spanish-SY26.pdf\"><\/p>\n<ul>\n<li>Preguntas Frecuentes<\/li>\n<\/ul>\n<p><\/a><\/p>\n<\/li>\n<li>\n<div>\n<ul>\n<li>Las solicitudes en papel est\u00e1n disponibles en la oficina de Nutrici\u00f3n Infantil, 811 E. Brigham Road, Edificio B, St. George, UT 84790.<\/li>\n<\/ul>\n<\/div>\n<\/li>\n<li>\n<p><a href=\"http:\/\/cnapp.washk12.org\/\"><\/p>\n<ul>\n<li>APLICACIONES EN LINEA<\/li>\n<\/ul>\n<p><\/a><\/p>\n<\/li>\n<\/ul>\n<h1>\n<h2>Important Links<\/h2>\n<\/h1>\n<ul>\n<li>\n<p><a href=\"https:\/\/schools.utah.gov\/cnp\"><\/p>\n<ul>\n<li>Utah State Office Of Education, Child Nutrition Programs<a href=\"https:\/\/schools.utah.gov\/cnp\" target=\"_blank\" rel=\"noopener\"><\/a><\/li>\n<\/ul>\n<p><\/a><\/p>\n<\/li>\n<li>\n<p><a href=\"https:\/\/procedure.washk12.org\/policy\/1000\/1710\"><\/p>\n<ul>\n<li>District Policy 1710: Non-discrimination<\/li>\n<\/ul>\n<p><\/a><\/p>\n<\/li>\n<li>\n<p><a href=\"\/food-service\/wp-content\/uploads\/sites\/21\/2024\/06\/USDA-And-Justice-for-All-Poster.pdf\"><\/p>\n<ul>\n<li>USDA Civil Rights Disclosure<\/li>\n<\/ul>\n<p><\/a><\/p>\n<\/li>\n<li>\n<p><a href=\"https:\/\/www.usda.gov\/about-usda\/general-information\/staff-offices\/office-assistant-secretary-civil-rights\/how-file-program-discrimination-complaint\"><\/p>\n<ul>\n<li>How to File a Complaint<\/li>\n<\/ul>\n<p><\/a><\/p>\n<\/li>\n<li>\n<p><a href=\"\/food-service\/wp-content\/uploads\/sites\/21\/2025\/07\/Civil-Rights-Complaint-Form.pdf\"><\/p>\n<ul>\n<li>\n<p>Civil Rights Complaint Form<\/p>\n<\/li>\n<\/ul>\n<p><\/a><\/p>\n<\/li>\n<\/ul>\n<h1>\n<h2>Links Importantes<\/h2>\n<\/h1>\n<ul>\n<li>\n<p><a href=\"https:\/\/schools.utah.gov\/cnp\"><\/p>\n<ul>\n<li>Oficina de Educaci\u00f3n del Estado de Utah, Programas de Nutrici\u00f3n Infantil<\/li>\n<\/ul>\n<p><\/a><\/p>\n<\/li>\n<li>\n<p><a href=\"https:\/\/procedure.washk12.org\/policy\/1000\/1710\"><\/p>\n<ul>\n<li>Pol\u00edtica del Distrito 1710: No Discriminaci\u00f3n<\/li>\n<\/ul>\n<p><\/a><\/p>\n<\/li>\n<li>\n<p><a href=\"\/food-service\/wp-content\/uploads\/sites\/21\/2024\/06\/USDA-And-Justice-for-All-Poster.pdf\"><\/p>\n<ul>\n<li>Divulgaci\u00f3n de Derechos Civiles del USDA<\/li>\n<\/ul>\n<p><\/a><\/p>\n<\/li>\n<li>\n<p><a href=\"https:\/\/www.usda.gov\/about-usda\/general-information\/staff-offices\/office-assistant-secretary-civil-rights\/how-file-program-discrimination-complaint\"><\/p>\n<ul>\n<li>C\u00f3mo presentar una queja<\/li>\n<\/ul>\n<p><\/a><\/p>\n<\/li>\n<li>\n<p><a href=\"\/food-service\/wp-content\/uploads\/sites\/21\/2025\/07\/Civil-Rights-Complaint-Form.pdf\"><\/p>\n<ul>\n<li>Formulario de Queja de Derechos Civiles<\/li>\n<\/ul>\n<p><\/a><\/p>\n<\/li>\n<\/ul>\n<p><img decoding=\"async\" src=\"\/food-service\/wp-content\/uploads\/sites\/21\/2024\/07\/5.jpg\" alt=\"\"><br \/>\n<img decoding=\"async\" src=\"\/food-service\/wp-content\/uploads\/sites\/21\/2024\/06\/Lunch-Hero-4.jpg\" alt=\"\"><\/p>\n<div>\n<p>THIS INSTITUTION IS AN EQUAL OPPORTUNITY PROVIDER<\/p>\n<\/div>\n<p><img decoding=\"async\" src=\"\/food-service\/wp-content\/uploads\/sites\/21\/2024\/07\/Lunch-Hero.jpg\" alt=\"\"><\/p>\n<p><!--more--><br \/>\n<!-- {\"type\":\"layout\",\"children\":[{\"type\":\"section\",\"props\":{\"image_position\":\"center-center\",\"style\":\"default\",\"title_breakpoint\":\"xl\",\"title_position\":\"top-left\",\"title_rotation\":\"left\",\"vertical_align\":\"\",\"width\":\"default\"},\"children\":[{\"type\":\"row\",\"children\":[{\"type\":\"column\",\"props\":{\"image_position\":\"center-center\",\"position_sticky_breakpoint\":\"m\"},\"children\":[{\"type\":\"image\",\"props\":{\"image\":\"wp-content\\\/uploads\\\/sites\\\/21\\\/2026\\\/01\\\/Logo-sm.jpg\",\"image_alt\":\"Child Nutrition Program logo\",\"image_svg_color\":\"emphasis\",\"margin\":\"default\",\"text_align\":\"center\"}},{\"type\":\"headline\",\"props\":{\"content\":\"Free and Reduced-Price Meals\",\"text_align\":\"center\",\"title_element\":\"h1\"}},{\"type\":\"divider\",\"props\":{\"divider_element\":\"hr\"}}]}],\"props\":{\"divider\":true}},{\"type\":\"row\",\"props\":{\"layout\":\"1-2,1-2\"},\"children\":[{\"type\":\"column\",\"props\":{\"image_position\":\"center-center\",\"position_sticky_breakpoint\":\"m\",\"width_medium\":\"1-2\"},\"children\":[{\"type\":\"headline\",\"props\":{\"content\":\"\n\n<h4>ENGLISH<\\\/h4>\",\"title_element\":\"h1\"}},{\"type\":\"headline\",\"props\":{\"content\":\"\n\n<h2><a href=\\\"http:\\\/\\\/cnapp.washk12.org\\\">Online Meal Applications for the\\u00a0 2025-2026 school year<\\\/a><\\\/h2>\",\"link_target\":true,\"title_element\":\"h1\"}},{\"type\":\"text\",\"props\":{\"column_breakpoint\":\"m\",\"content\":\"\n\n<p>Review the instructions for free and reduced lunch by clicking on the application instructions link below. After reviewing the instructions, please fill out the online application.<\\\/p>\\n\n\n<p>Application results will be emailed to the address provided.<\\\/p>\\n\n\n<p><\\\/p>\",\"margin\":\"default\"}},{\"type\":\"list\",\"props\":{\"column_breakpoint\":\"m\",\"image_align\":\"left\",\"image_svg_color\":\"emphasis\",\"image_vertical_align\":true,\"list_element\":\"ul\",\"list_horizontal_separator\":\", \",\"list_type\":\"vertical\",\"show_image\":true,\"show_link\":true},\"children\":[{\"type\":\"list_item\",\"props\":{\"content\":\"\n\n<ul>\\n\n\n<li>Application Instructions<\\\/li>\\n<\\\/ul>\",\"link\":\"wp-content\\\/uploads\\\/sites\\\/21\\\/2025\\\/07\\\/Application-Instructions-English.pdf\",\"link_target\":true}},{\"type\":\"list_item\",\"props\":{\"content\":\"\n\n<ul>\\n\n\n<li>Frequently Asked Questions<\\\/li>\\n<\\\/ul>\",\"link\":\"wp-content\\\/uploads\\\/sites\\\/21\\\/2025\\\/07\\\/FAQs_English-SY26.pdf\",\"link_target\":true}},{\"type\":\"list_item\",\"props\":{\"content\":\"\n\n<ul>\\n\n\n<li>Paper applications are available at the Child Nutrition office, 811 E. Brigham Road, Building B, St. George, UT 84790.\\u00a0\\u00a0<\\\/li>\\n<\\\/ul>\"}},{\"type\":\"list_item\",\"props\":{\"content\":\"\n\n<ul>\\n\n\n<li>ONLINE APPLICATION\\u00a0<\\\/li>\\n<\\\/ul>\",\"link\":\"http:\\\/\\\/cnapp.washk12.org\\\/\",\"link_target\":true}}]}]},{\"type\":\"column\",\"props\":{\"image_position\":\"center-center\",\"position_sticky_breakpoint\":\"m\",\"width_medium\":\"1-2\"},\"children\":[{\"type\":\"headline\",\"props\":{\"content\":\"\n\n<h4>ESPA\\u00d1OL<\\\/h4>\",\"title_element\":\"h1\"}},{\"type\":\"headline\",\"props\":{\"content\":\"\n\n<h2><a href=\\\"http:\\\/\\\/cnapp.washk12.org\\\">Solicitud de comidas en l\\u00ednea para el a\\u00f1o escolar 2025-2026<\\\/a><\\\/h2>\",\"link_target\":true,\"title_element\":\"h1\"}},{\"type\":\"text\",\"props\":{\"column_breakpoint\":\"m\",\"content\":\"\n\n<p>Revise las instrucciones para el almuerzo gratis o a precio reducido haciendo clic en el enlace de instrucciones de la solicitud a continuaci\\u00f3n. Despu\\u00e9s de leer las instrucciones, complete la solicitud en l\\u00ednea.<\\\/p>\\n\n\n<p>Los resultados de la solicitud se enviar\\u00e1n por correo electr\\u00f3nico a la direcci\\u00f3n proporcionada.<\\\/p>\\n\n\n<p><\\\/p>\",\"margin\":\"default\"}},{\"type\":\"list\",\"props\":{\"column_breakpoint\":\"m\",\"image_align\":\"left\",\"image_svg_color\":\"emphasis\",\"image_vertical_align\":true,\"list_element\":\"ul\",\"list_horizontal_separator\":\", \",\"list_type\":\"vertical\",\"show_image\":true,\"show_link\":true},\"children\":[{\"type\":\"list_item\",\"props\":{\"content\":\"\n\n<ul>\\n\n\n<li>Instrucciones de solicitud<\\\/li>\\n<\\\/ul>\",\"link\":\"wp-content\\\/uploads\\\/sites\\\/21\\\/2025\\\/07\\\/Application-Instructions-Spanish.pdf\",\"link_target\":true}},{\"type\":\"list_item\",\"props\":{\"content\":\"\n\n<ul>\\n\n\n<li>Preguntas Frecuentes<\\\/li>\\n<\\\/ul>\",\"link\":\"wp-content\\\/uploads\\\/sites\\\/21\\\/2025\\\/07\\\/Letter-to-Parents-FAQs_Spanish-SY26.pdf\",\"link_target\":true}},{\"type\":\"list_item\",\"props\":{\"content\":\"\n\n<ul>\\n\n\n<li>Las solicitudes en papel est\\u00e1n disponibles en la oficina de Nutrici\\u00f3n Infantil, 811 E. Brigham Road, Edificio B, St. George, UT 84790.<\\\/li>\\n<\\\/ul>\"}},{\"type\":\"list_item\",\"props\":{\"content\":\"\n\n<ul>\\n\n\n<li>APLICACIONES EN LINEA<\\\/li>\\n<\\\/ul>\",\"link\":\"http:\\\/\\\/cnapp.washk12.org\\\/\",\"link_target\":true}}]}]}]},{\"type\":\"row\",\"props\":{\"layout\":\"1-2,1-2\"},\"children\":[{\"type\":\"column\",\"props\":{\"image_position\":\"center-center\",\"position_sticky_breakpoint\":\"m\",\"width_medium\":\"1-2\"},\"children\":[{\"type\":\"headline\",\"props\":{\"content\":\"\n\n<h2>Important Links<\\\/h2>\",\"title_element\":\"h1\"}},{\"type\":\"list\",\"props\":{\"column_breakpoint\":\"m\",\"image_align\":\"left\",\"image_svg_color\":\"emphasis\",\"image_vertical_align\":true,\"list_element\":\"ul\",\"list_horizontal_separator\":\", \",\"list_type\":\"vertical\",\"show_image\":true,\"show_link\":true},\"children\":[{\"type\":\"list_item\",\"props\":{\"content\":\"\n\n<ul>\\n\n\n<li>Utah State Office Of Education, Child Nutrition Programs<a href=\\\"https:\\\/\\\/schools.utah.gov\\\/cnp\\\" target=\\\"_blank\\\" rel=\\\"noopener\\\"><\\\/a><\\\/li>\\n<\\\/ul>\",\"link\":\"https:\\\/\\\/schools.utah.gov\\\/cnp\",\"link_target\":true}},{\"type\":\"list_item\",\"props\":{\"content\":\"\n\n<ul>\\n\n\n<li>District Policy 1710: Non-discrimination<\\\/li>\\n<\\\/ul>\",\"link\":\"https:\\\/\\\/procedure.washk12.org\\\/policy\\\/1000\\\/1710\",\"link_target\":true}},{\"type\":\"list_item\",\"props\":{\"content\":\"\n\n<ul>\\n\n\n<li>USDA Civil Rights Disclosure<\\\/li>\\n<\\\/ul>\",\"link\":\"wp-content\\\/uploads\\\/sites\\\/21\\\/2024\\\/06\\\/USDA-And-Justice-for-All-Poster.pdf\",\"link_target\":true}},{\"type\":\"list_item\",\"props\":{\"content\":\"\n\n<ul>\\n\n\n<li>How to File a Complaint<\\\/li>\\n<\\\/ul>\",\"link\":\"https:\\\/\\\/www.usda.gov\\\/about-usda\\\/general-information\\\/staff-offices\\\/office-assistant-secretary-civil-rights\\\/how-file-program-discrimination-complaint\"}},{\"type\":\"list_item\",\"props\":{\"content\":\"\n\n<ul>\\n\n\n<li>\\n\n\n<p>Civil Rights Complaint Form<\\\/p>\\n<\\\/li>\\n<\\\/ul>\",\"link\":\"wp-content\\\/uploads\\\/sites\\\/21\\\/2025\\\/07\\\/Civil-Rights-Complaint-Form.pdf\",\"link_target\":true}}]}]},{\"type\":\"column\",\"props\":{\"image_position\":\"center-center\",\"position_sticky_breakpoint\":\"m\",\"width_medium\":\"1-2\"},\"children\":[{\"type\":\"headline\",\"props\":{\"content\":\"\n\n<h2>Links Importantes<\\\/h2>\",\"title_element\":\"h1\"}},{\"type\":\"list\",\"props\":{\"column_breakpoint\":\"m\",\"image_align\":\"left\",\"image_svg_color\":\"emphasis\",\"image_vertical_align\":true,\"list_element\":\"ul\",\"list_horizontal_separator\":\", \",\"list_type\":\"vertical\",\"show_image\":true,\"show_link\":true},\"children\":[{\"type\":\"list_item\",\"props\":{\"content\":\"\n\n<ul>\\n\n\n<li>Oficina de Educaci\\u00f3n del Estado de Utah, Programas de Nutrici\\u00f3n Infantil<\\\/li>\\n<\\\/ul>\",\"link\":\"https:\\\/\\\/schools.utah.gov\\\/cnp\",\"link_target\":true}},{\"type\":\"list_item\",\"props\":{\"content\":\"\n\n<ul>\\n\n\n<li>Pol\\u00edtica del Distrito 1710: No Discriminaci\\u00f3n<\\\/li>\\n<\\\/ul>\",\"link\":\"https:\\\/\\\/procedure.washk12.org\\\/policy\\\/1000\\\/1710\",\"link_target\":true}},{\"type\":\"list_item\",\"props\":{\"content\":\"\n\n<ul>\\n\n\n<li>Divulgaci\\u00f3n de Derechos Civiles del USDA<\\\/li>\\n<\\\/ul>\",\"link\":\"wp-content\\\/uploads\\\/sites\\\/21\\\/2024\\\/06\\\/USDA-And-Justice-for-All-Poster.pdf\",\"link_target\":true}},{\"type\":\"list_item\",\"props\":{\"content\":\"\n\n<ul>\\n\n\n<li>C\\u00f3mo presentar una queja<\\\/li>\\n<\\\/ul>\",\"link\":\"https:\\\/\\\/www.usda.gov\\\/about-usda\\\/general-information\\\/staff-offices\\\/office-assistant-secretary-civil-rights\\\/how-file-program-discrimination-complaint\"}},{\"type\":\"list_item\",\"props\":{\"content\":\"\n\n<ul>\\n\n\n<li>Formulario de Queja de Derechos Civiles<\\\/li>\\n<\\\/ul>\",\"link\":\"wp-content\\\/uploads\\\/sites\\\/21\\\/2025\\\/07\\\/Civil-Rights-Complaint-Form.pdf\",\"link_target\":true}}]}]}]},{\"type\":\"row\",\"props\":{\"layout\":\"1-2,1-2\"},\"children\":[{\"type\":\"column\",\"props\":{\"image_position\":\"center-center\",\"position_sticky_breakpoint\":\"m\",\"width_medium\":\"1-2\"}},{\"type\":\"column\",\"props\":{\"image_position\":\"center-center\",\"position_sticky_breakpoint\":\"m\",\"width_medium\":\"1-2\"}}]}]},{\"type\":\"section\",\"props\":{\"image_position\":\"center-center\",\"style\":\"default\",\"title_breakpoint\":\"xl\",\"title_position\":\"top-left\",\"title_rotation\":\"left\",\"vertical_align\":\"\",\"width\":\"default\"},\"children\":[{\"type\":\"row\",\"children\":[{\"type\":\"column\",\"props\":{\"image_position\":\"center-center\",\"position_sticky_breakpoint\":\"m\",\"width_medium\":\"1-4\"},\"children\":[{\"type\":\"image\",\"props\":{\"image\":\"wp-content\\\/uploads\\\/sites\\\/21\\\/2024\\\/07\\\/5.jpg\",\"image_svg_color\":\"emphasis\",\"margin\":\"default\"}}]},{\"type\":\"column\",\"props\":{\"image_position\":\"center-center\",\"position_sticky_breakpoint\":\"m\",\"width_medium\":\"1-2\"},\"children\":[{\"type\":\"image\",\"props\":{\"image\":\"wp-content\\\/uploads\\\/sites\\\/21\\\/2024\\\/06\\\/Lunch-Hero-4.jpg\",\"image_svg_color\":\"emphasis\",\"margin\":\"default\"}},{\"type\":\"text\",\"props\":{\"column_breakpoint\":\"m\",\"content\":\"\n\n<p>THIS INSTITUTION IS AN EQUAL OPPORTUNITY PROVIDER<\\\/p>\",\"margin\":\"default\",\"text_align\":\"center\"}}]},{\"type\":\"column\",\"props\":{\"image_position\":\"center-center\",\"position_sticky_breakpoint\":\"m\",\"width_medium\":\"1-4\"},\"children\":[{\"type\":\"image\",\"props\":{\"image\":\"wp-content\\\/uploads\\\/sites\\\/21\\\/2024\\\/07\\\/Lunch-Hero.jpg\",\"image_svg_color\":\"emphasis\",\"margin\":\"default\"}}]}],\"props\":{\"layout\":\"1-4,1-2,1-4\"}}]}],\"version\":\"4.5.21\",\"yooessentialsVersion\":\"2.2.25\"} --><\/p>\n","protected":false},"excerpt":{"rendered":"<p>Free and Reduced-Price Meals ENGLISH Online Meal Applications for the\u00a0 2025-2026 school year Review the instructions for free and reduced lunch by clicking on the application instructions link below. After reviewing the instructions, please fill out the online application. Application results will be emailed to the address provided. Application Instructions Frequently Asked Questions Paper applications [&hellip;]<\/p>\n","protected":false},"author":1,"featured_media":0,"parent":0,"menu_order":0,"comment_status":"closed","ping_status":"closed","template":"","meta":{"footnotes":""},"class_list":["post-1663","page","type-page","status-publish","hentry"],"_links":{"self":[{"href":"https:\/\/www.washk12.org\/food-service\/wp-json\/wp\/v2\/pages\/1663","targetHints":{"allow":["GET"]}}],"collection":[{"href":"https:\/\/www.washk12.org\/food-service\/wp-json\/wp\/v2\/pages"}],"about":[{"href":"https:\/\/www.washk12.org\/food-service\/wp-json\/wp\/v2\/types\/page"}],"author":[{"embeddable":true,"href":"https:\/\/www.washk12.org\/food-service\/wp-json\/wp\/v2\/users\/1"}],"replies":[{"embeddable":true,"href":"https:\/\/www.washk12.org\/food-service\/wp-json\/wp\/v2\/comments?post=1663"}],"version-history":[{"count":321,"href":"https:\/\/www.washk12.org\/food-service\/wp-json\/wp\/v2\/pages\/1663\/revisions"}],"predecessor-version":[{"id":4071,"href":"https:\/\/www.washk12.org\/food-service\/wp-json\/wp\/v2\/pages\/1663\/revisions\/4071"}],"wp:attachment":[{"href":"https:\/\/www.washk12.org\/food-service\/wp-json\/wp\/v2\/media?parent=1663"}],"curies":[{"name":"wp","href":"https:\/\/api.w.org\/{rel}","templated":true}]}}